{"id":377,"date":"2019-04-04T10:01:49","date_gmt":"2019-04-04T10:01:49","guid":{"rendered":"https:\/\/victorthemes.com\/themes\/windfall\/?page_id=377"},"modified":"2022-08-03T07:44:17","modified_gmt":"2022-08-03T07:44:17","slug":"kontakt","status":"publish","type":"page","link":"https:\/\/hartfix.si\/index.php\/kontakt\/","title":{"rendered":"Kontakt"},"content":{"rendered":"\t\t<div data-elementor-type=\"wp-post\" data-elementor-id=\"377\" class=\"elementor elementor-377\">\n\t\t\t\t\t\t\t\t\t<section class=\"elementor-section elementor-top-section elementor-element elementor-element-18045ec elementor-section-full_width elementor-section-height-default elementor-section-height-default\" data-id=\"18045ec\" data-element_type=\"section\">\n\t\t\t\t\t\t<div class=\"elementor-container elementor-column-gap-default\">\n\t\t\t\t\t<div class=\"elementor-column elementor-col-33 elementor-top-column elementor-element elementor-element-da2c3c9\" data-id=\"da2c3c9\" data-element_type=\"column\">\n\t\t\t<div class=\"elementor-widget-wrap elementor-element-populated\">\n\t\t\t\t\t\t\t\t<div class=\"elementor-element elementor-element-27ab7b3 elementor-widget elementor-widget-vt-windfall_address_info\" data-id=\"27ab7b3\" data-element_type=\"widget\" data-widget_type=\"vt-windfall_address_info.default\">\n\t\t\t\t<div class=\"elementor-widget-container\">\n\t\t\t<div class=\"wndfal-contact\">\r\n\t\t\t\t        <div class=\"contact-info\">\r\n\t\t\t\t          <div class=\"section-title-wrap title-style-two\">\r\n\t\t\t\t            <h2 class=\"section-title\">Kontaktne informacije<\/h2><p>Ne glede na to, ali imate vpra\u0161anje o na\u0161ih storitvah, cenah storitev ali karkoli drugega, je na\u0161a ekipa pripravljena odgovoriti na vsa va\u0161a vpra\u0161anja.<\/p>\r\n\t\t\t\t          <\/div>\r\n\t\t\t\t          <ul><li> <div class=\"wndfal-icon\"><i class=\"ti-location-pin\" aria-hidden=\"true\"><\/i><\/div><div class=\"contact-inner-info\"><span class=\"list-title\">Naslov:<\/span>\u017derovnica 42, 1384 Grahovo, Slovenija<\/div><\/li><li> <div class=\"wndfal-icon\"><i class=\"ti-mobile\" aria-hidden=\"true\"><\/i><\/div><div class=\"contact-inner-info\"><span class=\"list-title\">Telefon: <\/span><a href=\"tel:+38631714861\" target=\"_blank\" rel=\"nofollow\">031 714 861<\/a><\/div><\/li><li> <div class=\"wndfal-icon\"><i class=\"ti-email\" aria-hidden=\"true\"><\/i><\/div><div class=\"contact-inner-info\"><span class=\"list-title\">E-po\u0161ta: <\/span><a href=\"mailto:hartfix.info@gmail.com\" target=\"_blank\" rel=\"nofollow\">hartfix.info@gmail.com<\/a><\/div><\/li><\/ul><\/div><\/div>\t\t<\/div>\n\t\t\t\t<\/div>\n\t\t\t\t<div class=\"elementor-element elementor-element-7b81983 elementor-widget elementor-widget-vt-windfall_social_icons\" data-id=\"7b81983\" data-element_type=\"widget\" data-widget_type=\"vt-windfall_social_icons.default\">\n\t\t\t\t<div class=\"elementor-widget-container\">\n\t\t\t<div class=\"wndfal-social  rounded\"><a  href=\"https:\/\/www.facebook.com\/people\/Hartfix\/100057533375860\/\" target=\"_blank\" rel=\"nofollow\" class=\"icon-fa-facebook\"><span><i class=\"fa fa-facebook\"><\/i><\/span><\/a><\/div>\t\t<\/div>\n\t\t\t\t<\/div>\n\t\t\t\t\t<\/div>\n\t\t<\/div>\n\t\t\t\t<div class=\"elementor-column elementor-col-66 elementor-top-column elementor-element elementor-element-a4e231f\" data-id=\"a4e231f\" data-element_type=\"column\">\n\t\t\t<div class=\"elementor-widget-wrap elementor-element-populated\">\n\t\t\t\t\t\t\t\t<div class=\"elementor-element elementor-element-bc24231 elementor-widget elementor-widget-vt-windfall_contact_form\" data-id=\"bc24231\" data-element_type=\"widget\" data-widget_type=\"vt-windfall_contact_form.default\">\n\t\t\t\t<div class=\"elementor-widget-container\">\n\t\t\t<div class=\" wndfal-contact-form wndfal-form wndfal-cntat-form\"><div role=\"form\" class=\"wpcf7\" id=\"wpcf7-f385-o1\" lang=\"en-US\" dir=\"ltr\">\n<div class=\"screen-reader-response\"><p role=\"status\" aria-live=\"polite\" aria-atomic=\"true\"><\/p> <ul><\/ul><\/div>\n<form action=\"\/index.php\/wp-json\/wp\/v2\/pages\/377#wpcf7-f385-o1\" method=\"post\" class=\"wpcf7-form init\" novalidate=\"novalidate\" data-status=\"init\">\n<div style=\"display: none;\">\n<input type=\"hidden\" name=\"_wpcf7\" value=\"385\" \/>\n<input type=\"hidden\" name=\"_wpcf7_version\" value=\"5.6.1\" \/>\n<input type=\"hidden\" name=\"_wpcf7_locale\" value=\"en_US\" \/>\n<input type=\"hidden\" name=\"_wpcf7_unit_tag\" value=\"wpcf7-f385-o1\" \/>\n<input type=\"hidden\" name=\"_wpcf7_container_post\" value=\"0\" \/>\n<input type=\"hidden\" name=\"_wpcf7_posted_data_hash\" value=\"\" \/>\n<\/div>\n<div class=\"row\">\n<div class=\"col-md-6\">\n   <label> Ime in priimek (zahtevano) <\/label><br \/>\n    <span class=\"wpcf7-form-control-wrap\" data-name=\"your-name\"><input type=\"text\" name=\"your-name\" value=\"\" size=\"40\" class=\"wpcf7-form-control wpcf7-text wpcf7-validates-as-required\" aria-required=\"true\" aria-invalid=\"false\" \/><\/span>\n  <\/div>\n<div class=\"col-md-6\">\n   <label> E-po\u0161tni naslov (zahtevano) <\/label><br \/>\n    <span class=\"wpcf7-form-control-wrap\" data-name=\"your-email\"><input type=\"email\" name=\"your-email\" value=\"\" size=\"40\" class=\"wpcf7-form-control wpcf7-text wpcf7-email wpcf7-validates-as-required wpcf7-validates-as-email\" aria-required=\"true\" aria-invalid=\"false\" \/><\/span>\n  <\/div>\n<div class=\"col-md-6\">\n    <label> Telefonska \u0161tevilka <\/label><br \/>\n    <span class=\"wpcf7-form-control-wrap\" data-name=\"tel-459\"><input type=\"tel\" name=\"tel-459\" value=\"\" size=\"40\" class=\"wpcf7-form-control wpcf7-text wpcf7-tel wpcf7-validates-as-tel\" aria-invalid=\"false\" \/><\/span>\n  <\/div>\n<div class=\"col-md-6\">\n    <label> Zadeva <\/label><br \/>\n    <span class=\"wpcf7-form-control-wrap\" data-name=\"your-subject\"><input type=\"text\" name=\"your-subject\" value=\"\" size=\"40\" class=\"wpcf7-form-control wpcf7-text\" aria-invalid=\"false\" \/><\/span>\n  <\/div>\n<div class=\"col-md-12\">\n    <label> Sporo\u010dilo <\/label><br \/>\n    <span class=\"wpcf7-form-control-wrap\" data-name=\"your-message\"><textarea name=\"your-message\" cols=\"40\" rows=\"10\" class=\"wpcf7-form-control wpcf7-textarea\" aria-invalid=\"false\"><\/textarea><\/span>\n  <\/div>\n<div class=\"col-md-12\">\n<span class=\"wpcf7-form-control-wrap\" data-name=\"acceptance-184\"><span class=\"wpcf7-form-control wpcf7-acceptance\"><span class=\"wpcf7-list-item\"><label><input type=\"checkbox\" name=\"acceptance-184\" value=\"1\" aria-invalid=\"false\" \/><span class=\"wpcf7-list-item-label\">Prebral sem in sprejemam <a href=\"https:\/\/hartfix.si\/index.php\/pravilnik-o-zasebnosti\/\">pravilnik o zasebnosti<\/a> in <a href=\"https:\/\/hartfix.si\/index.php\/pogoji-poslovanja\/\">splo\u0161ne pogoje<\/a>, ki so objavljeni na spletni strani.<\/span><\/label><\/span><\/span><\/span>\n  <\/div>\n<div class=\"col-md-12\">\n    <input type=\"submit\" value=\"Po\u0161lji sporo\u010dilo\" class=\"wpcf7-form-control has-spinner wpcf7-submit\" \/>\n  <\/div>\n<\/div>\n<div class=\"wpcf7-response-output\" aria-hidden=\"true\"><\/div><\/form><\/div><\/div>\t\t<\/div>\n\t\t\t\t<\/div>\n\t\t\t\t\t<\/div>\n\t\t<\/div>\n\t\t\t\t\t\t\t<\/div>\n\t\t<\/section>\n\t\t\t\t<section class=\"elementor-section elementor-top-section elementor-element elementor-element-1ffc08d elementor-section-stretched elementor-section-full_width elementor-section-height-default elementor-section-height-default\" data-id=\"1ffc08d\" data-element_type=\"section\" data-settings=\"{&quot;stretch_section&quot;:&quot;section-stretched&quot;}\">\n\t\t\t\t\t\t<div class=\"elementor-container elementor-column-gap-default\">\n\t\t\t\t\t<div class=\"elementor-column elementor-col-100 elementor-top-column elementor-element elementor-element-06c02a4\" data-id=\"06c02a4\" data-element_type=\"column\">\n\t\t\t<div class=\"elementor-widget-wrap elementor-element-populated\">\n\t\t\t\t\t\t\t\t<div class=\"elementor-element elementor-element-602360f elementor-widget elementor-widget-google_maps\" data-id=\"602360f\" data-element_type=\"widget\" data-widget_type=\"google_maps.default\">\n\t\t\t\t<div class=\"elementor-widget-container\">\n\t\t\t<style>\/*! elementor - v3.6.8 - 27-07-2022 *\/\n.elementor-widget-google_maps .elementor-widget-container{overflow:hidden}.elementor-widget-google_maps iframe{height:300px}<\/style>\t\t<div class=\"elementor-custom-embed\">\n\t\t\t<iframe frameborder=\"0\" scrolling=\"no\" marginheight=\"0\" marginwidth=\"0\"\n\t\t\t\t\tsrc=\"https:\/\/maps.google.com\/maps?q=%C5%BDerovnica%2042%2C%201384%20Grahovo%2C%20Slovenija&#038;t=m&#038;z=10&#038;output=embed&#038;iwloc=near\"\n\t\t\t\t\ttitle=\"\u017derovnica 42, 1384 Grahovo, Slovenija\"\n\t\t\t\t\taria-label=\"\u017derovnica 42, 1384 Grahovo, Slovenija\"\n\t\t\t><\/iframe>\n\t\t<\/div>\n\t\t\t\t<\/div>\n\t\t\t\t<\/div>\n\t\t\t\t\t<\/div>\n\t\t<\/div>\n\t\t\t\t\t\t\t<\/div>\n\t\t<\/section>\n\t\t\t\t\t\t\t<\/div>\n\t\t","protected":false},"excerpt":{"rendered":"Kontaktne informacije Ne glede na to, ali imate vpra\u0161anje o na\u0161ih storitvah, cenah storitev ali karkoli drugega, je na\u0161a ekipa pripravljena odgovoriti na vsa va\u0161a vpra\u0161anja. Naslov:\u017derovnica 42, 1384 Grahovo, Slovenija Telefon: 031 714 861 E-po\u0161ta: hartfix.info@gmail.com Ime in priimek (required) E-po\u0161tni naslov (required) Telefonska \u0161tevilka Zadeva Sporo\u010dilo","protected":false},"author":1,"featured_media":0,"parent":0,"menu_order":0,"comment_status":"closed","ping_status":"closed","template":"","meta":[],"_links":{"self":[{"href":"https:\/\/hartfix.si\/index.php\/wp-json\/wp\/v2\/pages\/377"}],"collection":[{"href":"https:\/\/hartfix.si\/index.php\/wp-json\/wp\/v2\/pages"}],"about":[{"href":"https:\/\/hartfix.si\/index.php\/wp-json\/wp\/v2\/types\/page"}],"author":[{"embeddable":true,"href":"https:\/\/hartfix.si\/index.php\/wp-json\/wp\/v2\/users\/1"}],"replies":[{"embeddable":true,"href":"https:\/\/hartfix.si\/index.php\/wp-json\/wp\/v2\/comments?post=377"}],"version-history":[{"count":10,"href":"https:\/\/hartfix.si\/index.php\/wp-json\/wp\/v2\/pages\/377\/revisions"}],"predecessor-version":[{"id":1313,"href":"https:\/\/hartfix.si\/index.php\/wp-json\/wp\/v2\/pages\/377\/revisions\/1313"}],"wp:attachment":[{"href":"https:\/\/hartfix.si\/index.php\/wp-json\/wp\/v2\/media?parent=377"}],"curies":[{"name":"wp","href":"https:\/\/api.w.org\/{rel}","templated":true}]}}