{"id":21,"date":"2022-07-15T06:28:30","date_gmt":"2022-07-15T06:28:30","guid":{"rendered":"https:\/\/spicar.webis.technology\/?page_id=21"},"modified":"2022-07-15T06:28:30","modified_gmt":"2022-07-15T06:28:30","slug":"zahtevaj-izpis-podatkov","status":"publish","type":"page","link":"https:\/\/hartfix.si\/index.php\/zahtevaj-izpis-podatkov\/","title":{"rendered":"Zahtevaj izpis podatkov"},"content":{"rendered":"\n<p>V kolikor \u017eelite, da vam po\u0161ljemo izpis va\u0161ih osebnih podatkov, ki so shranjeni na na\u0161i spletni strani, vas prosimo, da izpolnite spodnji obrazec.<\/p>\n\n\n\n<a class=\"wordpress-gdpr-back-link\" href=\"https:\/\/hartfix.si\/index.php\/center-zasebnosti\/\">&larr; Vrni se na center zasebnosti<\/a><form action=\"\/index.php\/wp-json\/wp\/v2\/pages\/21\" class=\"wordpress-gdpr-form wordpress-gdpr-form-request-data\" method=\"post\"><input type=\"hidden\" name=\"wordpress_gdpr_form_type\" value=\"request-data\"><div class=\"form-group\"><label for=\"gdpr_firstname\">Va\u0161e ime (*)<\/label><input class=\"form-control\" type=\"text\" name=\"gdpr_firstname\" value=\"\" required \/><\/div><div class=\"form-group\"><label for=\"gdpr_lastname\">Va\u0161 priimek (*)<\/label><input class=\"form-control\" type=\"text\" name=\"gdpr_lastname\" value=\"\" required \/><\/div><div class=\"form-group\"><label for=\"gdpr_email\">Va\u0161a E-po\u0161ta (*)<\/label><input class=\"form-control\" type=\"email\" name=\"gdpr_email\" value=\"\" required \/><\/div><div class=\"form-group\"><label for=\"gdpr_terms\"><input id=\"gdpr_terms\" class=\"form-control\" type=\"checkbox\" name=\"gdpr_terms\" value=\"1\" required \/><span class=\"gdpr-accept-conditiones-text\">Strinjam se s politiko zasebnosti in da se lahko moji podatki shranijo za zahtevo GDPR.<\/span><\/label><\/div><input type=\"submit\" name=\"gdpr_submitted\" value=\"Po\u0161lji\"\/><\/form>\n","protected":false},"excerpt":{"rendered":"V kolikor \u017eelite, da vam po\u0161ljemo izpis va\u0161ih osebnih podatkov, ki so shranjeni na na\u0161i spletni strani, vas prosimo, da izpolnite spodnji obrazec.","protected":false},"author":1,"featured_media":0,"parent":0,"menu_order":0,"comment_status":"closed","ping_status":"closed","template":"","meta":[],"_links":{"self":[{"href":"https:\/\/hartfix.si\/index.php\/wp-json\/wp\/v2\/pages\/21"}],"collection":[{"href":"https:\/\/hartfix.si\/index.php\/wp-json\/wp\/v2\/pages"}],"about":[{"href":"https:\/\/hartfix.si\/index.php\/wp-json\/wp\/v2\/types\/page"}],"author":[{"embeddable":true,"href":"https:\/\/hartfix.si\/index.php\/wp-json\/wp\/v2\/users\/1"}],"replies":[{"embeddable":true,"href":"https:\/\/hartfix.si\/index.php\/wp-json\/wp\/v2\/comments?post=21"}],"version-history":[{"count":1,"href":"https:\/\/hartfix.si\/index.php\/wp-json\/wp\/v2\/pages\/21\/revisions"}],"predecessor-version":[{"id":22,"href":"https:\/\/hartfix.si\/index.php\/wp-json\/wp\/v2\/pages\/21\/revisions\/22"}],"wp:attachment":[{"href":"https:\/\/hartfix.si\/index.php\/wp-json\/wp\/v2\/media?parent=21"}],"curies":[{"name":"wp","href":"https:\/\/api.w.org\/{rel}","templated":true}]}}