{"id":1353,"date":"2022-08-03T07:58:19","date_gmt":"2022-08-03T07:58:19","guid":{"rendered":"https:\/\/hartfix.si\/?page_id=1353"},"modified":"2022-08-03T13:50:39","modified_gmt":"2022-08-03T13:50:39","slug":"gradbenistvo","status":"publish","type":"page","link":"https:\/\/hartfix.si\/index.php\/gradbenistvo\/","title":{"rendered":"Gradbeni\u0161tvo"},"content":{"rendered":"\t\t<div data-elementor-type=\"wp-post\" data-elementor-id=\"1353\" class=\"elementor elementor-1353\">\n\t\t\t\t\t\t\t\t\t<section class=\"elementor-section elementor-top-section elementor-element elementor-element-9937da2 elementor-section-full_width elementor-section-height-default elementor-section-height-default\" data-id=\"9937da2\" data-element_type=\"section\">\n\t\t\t\t\t\t<div class=\"elementor-container elementor-column-gap-default\">\n\t\t\t\t\t<div class=\"elementor-column elementor-col-50 elementor-top-column elementor-element elementor-element-dc43839\" data-id=\"dc43839\" data-element_type=\"column\">\n\t\t\t<div class=\"elementor-widget-wrap elementor-element-populated\">\n\t\t\t\t\t\t\t\t<div class=\"elementor-element elementor-element-685d854 elementor-widget elementor-widget-image\" data-id=\"685d854\" data-element_type=\"widget\" data-widget_type=\"image.default\">\n\t\t\t\t<div class=\"elementor-widget-container\">\n\t\t\t<style>\/*! elementor - v3.6.8 - 27-07-2022 *\/\n.elementor-widget-image{text-align:center}.elementor-widget-image a{display:inline-block}.elementor-widget-image a img[src$=\".svg\"]{width:48px}.elementor-widget-image img{vertical-align:middle;display:inline-block}<\/style>\t\t\t\t\t\t\t\t\t\t\t\t<img width=\"800\" height=\"534\" src=\"https:\/\/hartfix.si\/wp-content\/uploads\/2022\/08\/nizke-gradnje.jpg\" class=\"attachment-large size-large\" alt=\"\" loading=\"lazy\" srcset=\"https:\/\/hartfix.si\/wp-content\/uploads\/2022\/08\/nizke-gradnje.jpg 800w, https:\/\/hartfix.si\/wp-content\/uploads\/2022\/08\/nizke-gradnje-300x200.jpg 300w, https:\/\/hartfix.si\/wp-content\/uploads\/2022\/08\/nizke-gradnje-768x513.jpg 768w, https:\/\/hartfix.si\/wp-content\/uploads\/2022\/08\/nizke-gradnje-600x401.jpg 600w\" sizes=\"(max-width: 800px) 100vw, 800px\" \/>\t\t\t\t\t\t\t\t\t\t\t\t\t\t\t<\/div>\n\t\t\t\t<\/div>\n\t\t\t\t\t<\/div>\n\t\t<\/div>\n\t\t\t\t<div class=\"elementor-column elementor-col-50 elementor-top-column elementor-element elementor-element-530b525\" data-id=\"530b525\" data-element_type=\"column\">\n\t\t\t<div class=\"elementor-widget-wrap elementor-element-populated\">\n\t\t\t\t\t\t\t\t<div class=\"elementor-element elementor-element-9d79480 elementor-widget elementor-widget-heading\" data-id=\"9d79480\" data-element_type=\"widget\" data-widget_type=\"heading.default\">\n\t\t\t\t<div class=\"elementor-widget-container\">\n\t\t\t<style>\/*! elementor - v3.6.8 - 27-07-2022 *\/\n.elementor-heading-title{padding:0;margin:0;line-height:1}.elementor-widget-heading .elementor-heading-title[class*=elementor-size-]>a{color:inherit;font-size:inherit;line-height:inherit}.elementor-widget-heading .elementor-heading-title.elementor-size-small{font-size:15px}.elementor-widget-heading .elementor-heading-title.elementor-size-medium{font-size:19px}.elementor-widget-heading .elementor-heading-title.elementor-size-large{font-size:29px}.elementor-widget-heading .elementor-heading-title.elementor-size-xl{font-size:39px}.elementor-widget-heading .elementor-heading-title.elementor-size-xxl{font-size:59px}<\/style><h2 class=\"elementor-heading-title elementor-size-default\">NIZKE GRADNJE<\/h2>\t\t<\/div>\n\t\t\t\t<\/div>\n\t\t\t\t<div class=\"elementor-element elementor-element-a21cb89 elementor-widget elementor-widget-text-editor\" data-id=\"a21cb89\" data-element_type=\"widget\" data-widget_type=\"text-editor.default\">\n\t\t\t\t<div class=\"elementor-widget-container\">\n\t\t\t<style>\/*! elementor - v3.6.8 - 27-07-2022 *\/\n.elementor-widget-text-editor.elementor-drop-cap-view-stacked .elementor-drop-cap{background-color:#818a91;color:#fff}.elementor-widget-text-editor.elementor-drop-cap-view-framed .elementor-drop-cap{color:#818a91;border:3px solid;background-color:transparent}.elementor-widget-text-editor:not(.elementor-drop-cap-view-default) .elementor-drop-cap{margin-top:8px}.elementor-widget-text-editor:not(.elementor-drop-cap-view-default) .elementor-drop-cap-letter{width:1em;height:1em}.elementor-widget-text-editor .elementor-drop-cap{float:left;text-align:center;line-height:1;font-size:50px}.elementor-widget-text-editor .elementor-drop-cap-letter{display:inline-block}<\/style>\t\t\t\t<p>Svetujemo in skupaj za vas najdemo najbolj\u0161o re\u0161itev za izvedbo projekta. Z na\u0161o mehanizacijo in znanjem, do va\u0161ega zadovoljstva.<\/p>\t\t\t\t\t\t<\/div>\n\t\t\t\t<\/div>\n\t\t\t\t\t<\/div>\n\t\t<\/div>\n\t\t\t\t\t\t\t<\/div>\n\t\t<\/section>\n\t\t\t\t<section class=\"elementor-section elementor-top-section elementor-element elementor-element-23efb40 elementor-section-full_width elementor-section-height-default elementor-section-height-default\" data-id=\"23efb40\" data-element_type=\"section\">\n\t\t\t\t\t\t<div class=\"elementor-container elementor-column-gap-default\">\n\t\t\t\t\t<div class=\"elementor-column elementor-col-50 elementor-top-column elementor-element elementor-element-ae1b622\" data-id=\"ae1b622\" data-element_type=\"column\">\n\t\t\t<div class=\"elementor-widget-wrap elementor-element-populated\">\n\t\t\t\t\t\t\t\t<div class=\"elementor-element elementor-element-960d2a3 elementor-widget elementor-widget-image\" data-id=\"960d2a3\" data-element_type=\"widget\" data-widget_type=\"image.default\">\n\t\t\t\t<div class=\"elementor-widget-container\">\n\t\t\t\t\t\t\t\t\t\t\t\t\t\t\t<img width=\"800\" height=\"533\" src=\"https:\/\/hartfix.si\/wp-content\/uploads\/2022\/08\/izkopi.jpg\" class=\"attachment-large size-large\" alt=\"\" loading=\"lazy\" srcset=\"https:\/\/hartfix.si\/wp-content\/uploads\/2022\/08\/izkopi.jpg 800w, https:\/\/hartfix.si\/wp-content\/uploads\/2022\/08\/izkopi-300x200.jpg 300w, https:\/\/hartfix.si\/wp-content\/uploads\/2022\/08\/izkopi-768x512.jpg 768w, https:\/\/hartfix.si\/wp-content\/uploads\/2022\/08\/izkopi-600x400.jpg 600w\" sizes=\"(max-width: 800px) 100vw, 800px\" \/>\t\t\t\t\t\t\t\t\t\t\t\t\t\t\t<\/div>\n\t\t\t\t<\/div>\n\t\t\t\t\t<\/div>\n\t\t<\/div>\n\t\t\t\t<div class=\"elementor-column elementor-col-50 elementor-top-column elementor-element elementor-element-a652553\" data-id=\"a652553\" data-element_type=\"column\">\n\t\t\t<div class=\"elementor-widget-wrap elementor-element-populated\">\n\t\t\t\t\t\t\t\t<div class=\"elementor-element elementor-element-a969953 elementor-widget elementor-widget-heading\" data-id=\"a969953\" data-element_type=\"widget\" data-widget_type=\"heading.default\">\n\t\t\t\t<div class=\"elementor-widget-container\">\n\t\t\t<h2 class=\"elementor-heading-title elementor-size-default\">IZKOPI<\/h2>\t\t<\/div>\n\t\t\t\t<\/div>\n\t\t\t\t<div class=\"elementor-element elementor-element-3596687 elementor-widget elementor-widget-text-editor\" data-id=\"3596687\" data-element_type=\"widget\" data-widget_type=\"text-editor.default\">\n\t\t\t\t<div class=\"elementor-widget-container\">\n\t\t\t\t\t\t\t<p>Izvajamo izkope za hi\u0161o, \u0161karpo, kanalizacijo, dvori\u0161\u010de in podobno. Ne glede na to, ali gre za velik ali majhen izkop, smo pravi za vas.<\/p>\t\t\t\t\t\t<\/div>\n\t\t\t\t<\/div>\n\t\t\t\t\t<\/div>\n\t\t<\/div>\n\t\t\t\t\t\t\t<\/div>\n\t\t<\/section>\n\t\t\t\t<section class=\"elementor-section elementor-top-section elementor-element elementor-element-a2575ab elementor-section-full_width elementor-section-height-default elementor-section-height-default\" data-id=\"a2575ab\" data-element_type=\"section\">\n\t\t\t\t\t\t<div class=\"elementor-container elementor-column-gap-default\">\n\t\t\t\t\t<div class=\"elementor-column elementor-col-50 elementor-top-column elementor-element elementor-element-5535e47\" data-id=\"5535e47\" data-element_type=\"column\">\n\t\t\t<div class=\"elementor-widget-wrap elementor-element-populated\">\n\t\t\t\t\t\t\t\t<div class=\"elementor-element elementor-element-564ae74 elementor-widget elementor-widget-image\" data-id=\"564ae74\" data-element_type=\"widget\" data-widget_type=\"image.default\">\n\t\t\t\t<div class=\"elementor-widget-container\">\n\t\t\t\t\t\t\t\t\t\t\t\t\t\t\t<img width=\"800\" height=\"533\" src=\"https:\/\/hartfix.si\/wp-content\/uploads\/2022\/08\/prevozi-gradbene-mehanizacije.jpg\" class=\"attachment-large size-large\" alt=\"\" loading=\"lazy\" srcset=\"https:\/\/hartfix.si\/wp-content\/uploads\/2022\/08\/prevozi-gradbene-mehanizacije.jpg 800w, https:\/\/hartfix.si\/wp-content\/uploads\/2022\/08\/prevozi-gradbene-mehanizacije-300x200.jpg 300w, https:\/\/hartfix.si\/wp-content\/uploads\/2022\/08\/prevozi-gradbene-mehanizacije-768x512.jpg 768w, https:\/\/hartfix.si\/wp-content\/uploads\/2022\/08\/prevozi-gradbene-mehanizacije-600x400.jpg 600w\" sizes=\"(max-width: 800px) 100vw, 800px\" \/>\t\t\t\t\t\t\t\t\t\t\t\t\t\t\t<\/div>\n\t\t\t\t<\/div>\n\t\t\t\t\t<\/div>\n\t\t<\/div>\n\t\t\t\t<div class=\"elementor-column elementor-col-50 elementor-top-column elementor-element elementor-element-4a9c3c9\" data-id=\"4a9c3c9\" data-element_type=\"column\">\n\t\t\t<div class=\"elementor-widget-wrap elementor-element-populated\">\n\t\t\t\t\t\t\t\t<div class=\"elementor-element elementor-element-1a24240 elementor-widget elementor-widget-heading\" data-id=\"1a24240\" data-element_type=\"widget\" data-widget_type=\"heading.default\">\n\t\t\t\t<div class=\"elementor-widget-container\">\n\t\t\t<h2 class=\"elementor-heading-title elementor-size-default\">PREVOZI GRADBENE MEHANIZACIJE<\/h2>\t\t<\/div>\n\t\t\t\t<\/div>\n\t\t\t\t<div class=\"elementor-element elementor-element-35bd8ac elementor-widget elementor-widget-text-editor\" data-id=\"35bd8ac\" data-element_type=\"widget\" data-widget_type=\"text-editor.default\">\n\t\t\t\t<div class=\"elementor-widget-container\">\n\t\t\t\t\t\t\t<p>Nudimo prevoze gradbene mehanizacije po celotni Sloveniji. Z nami boste va\u0161 stroj hitro in enostavno preselili na drugo delovi\u0161\u010de.<\/p>\t\t\t\t\t\t<\/div>\n\t\t\t\t<\/div>\n\t\t\t\t\t<\/div>\n\t\t<\/div>\n\t\t\t\t\t\t\t<\/div>\n\t\t<\/section>\n\t\t\t\t<section class=\"elementor-section elementor-top-section elementor-element elementor-element-aea3eef elementor-section-stretched elementor-section-full_width elementor-section-height-default elementor-section-height-default\" data-id=\"aea3eef\" data-element_type=\"section\" data-settings=\"{&quot;stretch_section&quot;:&quot;section-stretched&quot;}\">\n\t\t\t\t\t\t<div class=\"elementor-container elementor-column-gap-default\">\n\t\t\t\t\t<div class=\"elementor-column elementor-col-100 elementor-top-column elementor-element elementor-element-ea8cf11\" data-id=\"ea8cf11\" data-element_type=\"column\">\n\t\t\t<div class=\"elementor-widget-wrap elementor-element-populated\">\n\t\t\t\t\t\t\t\t<div class=\"elementor-element elementor-element-c1b18d0 elementor-widget elementor-widget-vt-windfall_parallax_content\" data-id=\"c1b18d0\" data-element_type=\"widget\" data-widget_type=\"vt-windfall_parallax_content.default\">\n\t\t\t\t<div class=\"elementor-widget-container\">\n\t\t\t<div class=\"wndfal-reliable wndfal-parallax wndfal-overlay \">\r\n\t\t\t\t\t\t\t\t  <div class=\"container\">\r\n\t\t\t\t\t\t\t\t    <p>\u017delite ve\u010d informacij?<\/p>\r\n\t\t\t\t\t\t\t\t    <div class=\"wndfal-btns-group\"><a href=\"https:\/\/hartfix.si\/index.php\/kontakt\/\" target=\"_blank\" rel=\"nofollow\" class=\"wndfal-btn btn-one\"><span class=\"btn-text-wrap\"><span class=\"btn-text\">Kontaktirajte nas<\/span><\/span><\/a><\/div>\r\n\t\t\t\t\t\t\t\t  <\/div>\r\n\t\t\t\t\t\t\t\t<\/div>\t\t<\/div>\n\t\t\t\t<\/div>\n\t\t\t\t\t<\/div>\n\t\t<\/div>\n\t\t\t\t\t\t\t<\/div>\n\t\t<\/section>\n\t\t\t\t\t\t\t<\/div>\n\t\t","protected":false},"excerpt":{"rendered":"NIZKE GRADNJE Svetujemo in skupaj za vas najdemo najbolj\u0161o re\u0161itev za izvedbo projekta. Z na\u0161o mehanizacijo in znanjem, do va\u0161ega zadovoljstva. IZKOPI Izvajamo izkope za hi\u0161o, \u0161karpo, kanalizacijo, dvori\u0161\u010de in podobno. Ne glede na to, ali gre za velik ali majhen izkop, smo pravi za vas. PREVOZI GRADBENE MEHANIZACIJE Nudimo prevoze gradbene mehanizacije po celotni&#8230;","protected":false},"author":1,"featured_media":0,"parent":0,"menu_order":0,"comment_status":"closed","ping_status":"closed","template":"","meta":[],"_links":{"self":[{"href":"https:\/\/hartfix.si\/index.php\/wp-json\/wp\/v2\/pages\/1353"}],"collection":[{"href":"https:\/\/hartfix.si\/index.php\/wp-json\/wp\/v2\/pages"}],"about":[{"href":"https:\/\/hartfix.si\/index.php\/wp-json\/wp\/v2\/types\/page"}],"author":[{"embeddable":true,"href":"https:\/\/hartfix.si\/index.php\/wp-json\/wp\/v2\/users\/1"}],"replies":[{"embeddable":true,"href":"https:\/\/hartfix.si\/index.php\/wp-json\/wp\/v2\/comments?post=1353"}],"version-history":[{"count":7,"href":"https:\/\/hartfix.si\/index.php\/wp-json\/wp\/v2\/pages\/1353\/revisions"}],"predecessor-version":[{"id":1458,"href":"https:\/\/hartfix.si\/index.php\/wp-json\/wp\/v2\/pages\/1353\/revisions\/1458"}],"wp:attachment":[{"href":"https:\/\/hartfix.si\/index.php\/wp-json\/wp\/v2\/media?parent=1353"}],"curies":[{"name":"wp","href":"https:\/\/api.w.org\/{rel}","templated":true}]}}