{"id":1347,"date":"2022-08-03T07:53:06","date_gmt":"2022-08-03T07:53:06","guid":{"rendered":"https:\/\/hartfix.si\/?page_id=1347"},"modified":"2022-08-03T13:48:03","modified_gmt":"2022-08-03T13:48:03","slug":"delavnica","status":"publish","type":"page","link":"https:\/\/hartfix.si\/index.php\/delavnica\/","title":{"rendered":"Delavnica"},"content":{"rendered":"\t\t<div data-elementor-type=\"wp-post\" data-elementor-id=\"1347\" class=\"elementor elementor-1347\">\n\t\t\t\t\t\t\t\t\t<section class=\"elementor-section elementor-top-section elementor-element elementor-element-9937da2 elementor-section-full_width elementor-section-height-default elementor-section-height-default\" data-id=\"9937da2\" data-element_type=\"section\">\n\t\t\t\t\t\t<div class=\"elementor-container elementor-column-gap-default\">\n\t\t\t\t\t<div class=\"elementor-column elementor-col-50 elementor-top-column elementor-element elementor-element-dc43839\" data-id=\"dc43839\" data-element_type=\"column\">\n\t\t\t<div class=\"elementor-widget-wrap elementor-element-populated\">\n\t\t\t\t\t\t\t\t<div class=\"elementor-element elementor-element-685d854 elementor-widget elementor-widget-image\" data-id=\"685d854\" data-element_type=\"widget\" data-widget_type=\"image.default\">\n\t\t\t\t<div class=\"elementor-widget-container\">\n\t\t\t<style>\/*! elementor - v3.6.8 - 27-07-2022 *\/\n.elementor-widget-image{text-align:center}.elementor-widget-image a{display:inline-block}.elementor-widget-image a img[src$=\".svg\"]{width:48px}.elementor-widget-image img{vertical-align:middle;display:inline-block}<\/style>\t\t\t\t\t\t\t\t\t\t\t\t<img width=\"800\" height=\"533\" src=\"https:\/\/hartfix.si\/wp-content\/uploads\/2022\/08\/servis-motornih-vozil-2.jpg\" class=\"attachment-large size-large\" alt=\"\" loading=\"lazy\" srcset=\"https:\/\/hartfix.si\/wp-content\/uploads\/2022\/08\/servis-motornih-vozil-2.jpg 800w, https:\/\/hartfix.si\/wp-content\/uploads\/2022\/08\/servis-motornih-vozil-2-300x200.jpg 300w, https:\/\/hartfix.si\/wp-content\/uploads\/2022\/08\/servis-motornih-vozil-2-768x512.jpg 768w, https:\/\/hartfix.si\/wp-content\/uploads\/2022\/08\/servis-motornih-vozil-2-600x400.jpg 600w\" sizes=\"(max-width: 800px) 100vw, 800px\" \/>\t\t\t\t\t\t\t\t\t\t\t\t\t\t\t<\/div>\n\t\t\t\t<\/div>\n\t\t\t\t\t<\/div>\n\t\t<\/div>\n\t\t\t\t<div class=\"elementor-column elementor-col-50 elementor-top-column elementor-element elementor-element-530b525\" data-id=\"530b525\" data-element_type=\"column\">\n\t\t\t<div class=\"elementor-widget-wrap elementor-element-populated\">\n\t\t\t\t\t\t\t\t<div class=\"elementor-element elementor-element-9d79480 elementor-widget elementor-widget-heading\" data-id=\"9d79480\" data-element_type=\"widget\" data-widget_type=\"heading.default\">\n\t\t\t\t<div class=\"elementor-widget-container\">\n\t\t\t<style>\/*! elementor - v3.6.8 - 27-07-2022 *\/\n.elementor-heading-title{padding:0;margin:0;line-height:1}.elementor-widget-heading .elementor-heading-title[class*=elementor-size-]>a{color:inherit;font-size:inherit;line-height:inherit}.elementor-widget-heading .elementor-heading-title.elementor-size-small{font-size:15px}.elementor-widget-heading .elementor-heading-title.elementor-size-medium{font-size:19px}.elementor-widget-heading .elementor-heading-title.elementor-size-large{font-size:29px}.elementor-widget-heading .elementor-heading-title.elementor-size-xl{font-size:39px}.elementor-widget-heading .elementor-heading-title.elementor-size-xxl{font-size:59px}<\/style><h2 class=\"elementor-heading-title elementor-size-default\">SERVIS MOTORNIH VOZIL<\/h2>\t\t<\/div>\n\t\t\t\t<\/div>\n\t\t\t\t<div class=\"elementor-element elementor-element-a21cb89 elementor-widget elementor-widget-text-editor\" data-id=\"a21cb89\" data-element_type=\"widget\" data-widget_type=\"text-editor.default\">\n\t\t\t\t<div class=\"elementor-widget-container\">\n\t\t\t<style>\/*! elementor - v3.6.8 - 27-07-2022 *\/\n.elementor-widget-text-editor.elementor-drop-cap-view-stacked .elementor-drop-cap{background-color:#818a91;color:#fff}.elementor-widget-text-editor.elementor-drop-cap-view-framed .elementor-drop-cap{color:#818a91;border:3px solid;background-color:transparent}.elementor-widget-text-editor:not(.elementor-drop-cap-view-default) .elementor-drop-cap{margin-top:8px}.elementor-widget-text-editor:not(.elementor-drop-cap-view-default) .elementor-drop-cap-letter{width:1em;height:1em}.elementor-widget-text-editor .elementor-drop-cap{float:left;text-align:center;line-height:1;font-size:50px}.elementor-widget-text-editor .elementor-drop-cap-letter{display:inline-block}<\/style>\t\t\t\t<p>Nudimo hiter in ugoden servis vseh vrst motornih vozil. Poleg dolgoletnih izku\u0161enj so na\u0161e storitve podprte z vrhunsko tehnologijo.<\/p>\t\t\t\t\t\t<\/div>\n\t\t\t\t<\/div>\n\t\t\t\t\t<\/div>\n\t\t<\/div>\n\t\t\t\t\t\t\t<\/div>\n\t\t<\/section>\n\t\t\t\t<section class=\"elementor-section elementor-top-section elementor-element elementor-element-23efb40 elementor-section-full_width elementor-section-height-default elementor-section-height-default\" data-id=\"23efb40\" data-element_type=\"section\">\n\t\t\t\t\t\t<div class=\"elementor-container elementor-column-gap-default\">\n\t\t\t\t\t<div class=\"elementor-column elementor-col-50 elementor-top-column elementor-element elementor-element-ae1b622\" data-id=\"ae1b622\" data-element_type=\"column\">\n\t\t\t<div class=\"elementor-widget-wrap elementor-element-populated\">\n\t\t\t\t\t\t\t\t<div class=\"elementor-element elementor-element-960d2a3 elementor-widget elementor-widget-image\" data-id=\"960d2a3\" data-element_type=\"widget\" data-widget_type=\"image.default\">\n\t\t\t\t<div class=\"elementor-widget-container\">\n\t\t\t\t\t\t\t\t\t\t\t\t\t\t\t<img width=\"800\" height=\"533\" src=\"https:\/\/hartfix.si\/wp-content\/uploads\/2022\/08\/servis-gradbene-mehanizacije.jpg\" class=\"attachment-large size-large\" alt=\"\" loading=\"lazy\" srcset=\"https:\/\/hartfix.si\/wp-content\/uploads\/2022\/08\/servis-gradbene-mehanizacije.jpg 800w, https:\/\/hartfix.si\/wp-content\/uploads\/2022\/08\/servis-gradbene-mehanizacije-300x200.jpg 300w, https:\/\/hartfix.si\/wp-content\/uploads\/2022\/08\/servis-gradbene-mehanizacije-768x512.jpg 768w, https:\/\/hartfix.si\/wp-content\/uploads\/2022\/08\/servis-gradbene-mehanizacije-600x400.jpg 600w\" sizes=\"(max-width: 800px) 100vw, 800px\" \/>\t\t\t\t\t\t\t\t\t\t\t\t\t\t\t<\/div>\n\t\t\t\t<\/div>\n\t\t\t\t\t<\/div>\n\t\t<\/div>\n\t\t\t\t<div class=\"elementor-column elementor-col-50 elementor-top-column elementor-element elementor-element-a652553\" data-id=\"a652553\" data-element_type=\"column\">\n\t\t\t<div class=\"elementor-widget-wrap elementor-element-populated\">\n\t\t\t\t\t\t\t\t<div class=\"elementor-element elementor-element-a969953 elementor-widget elementor-widget-heading\" data-id=\"a969953\" data-element_type=\"widget\" data-widget_type=\"heading.default\">\n\t\t\t\t<div class=\"elementor-widget-container\">\n\t\t\t<h2 class=\"elementor-heading-title elementor-size-default\">SERVIS GRADBENE MEHANIZACIJE<\/h2>\t\t<\/div>\n\t\t\t\t<\/div>\n\t\t\t\t<div class=\"elementor-element elementor-element-3596687 elementor-widget elementor-widget-text-editor\" data-id=\"3596687\" data-element_type=\"widget\" data-widget_type=\"text-editor.default\">\n\t\t\t\t<div class=\"elementor-widget-container\">\n\t\t\t\t\t\t\t<p>Poleg rednih vzdr\u017eevalnih servisov gradbene mehanizacije nudimo tudi diagnostiko in odpravljanje napak in mehanskih po\u0161kodb.<\/p>\t\t\t\t\t\t<\/div>\n\t\t\t\t<\/div>\n\t\t\t\t\t<\/div>\n\t\t<\/div>\n\t\t\t\t\t\t\t<\/div>\n\t\t<\/section>\n\t\t\t\t<section class=\"elementor-section elementor-top-section elementor-element elementor-element-a2575ab elementor-section-full_width elementor-section-height-default elementor-section-height-default\" data-id=\"a2575ab\" data-element_type=\"section\">\n\t\t\t\t\t\t<div class=\"elementor-container elementor-column-gap-default\">\n\t\t\t\t\t<div class=\"elementor-column elementor-col-50 elementor-top-column elementor-element elementor-element-5535e47\" data-id=\"5535e47\" data-element_type=\"column\">\n\t\t\t<div class=\"elementor-widget-wrap elementor-element-populated\">\n\t\t\t\t\t\t\t\t<div class=\"elementor-element elementor-element-564ae74 elementor-widget elementor-widget-image\" data-id=\"564ae74\" data-element_type=\"widget\" data-widget_type=\"image.default\">\n\t\t\t\t<div class=\"elementor-widget-container\">\n\t\t\t\t\t\t\t\t\t\t\t\t\t\t\t<img width=\"800\" height=\"533\" src=\"https:\/\/hartfix.si\/wp-content\/uploads\/2022\/08\/Massey-Ferguson-5455.jpg\" class=\"attachment-large size-large\" alt=\"\" loading=\"lazy\" srcset=\"https:\/\/hartfix.si\/wp-content\/uploads\/2022\/08\/Massey-Ferguson-5455.jpg 800w, https:\/\/hartfix.si\/wp-content\/uploads\/2022\/08\/Massey-Ferguson-5455-300x200.jpg 300w, https:\/\/hartfix.si\/wp-content\/uploads\/2022\/08\/Massey-Ferguson-5455-768x512.jpg 768w, https:\/\/hartfix.si\/wp-content\/uploads\/2022\/08\/Massey-Ferguson-5455-600x400.jpg 600w\" sizes=\"(max-width: 800px) 100vw, 800px\" \/>\t\t\t\t\t\t\t\t\t\t\t\t\t\t\t<\/div>\n\t\t\t\t<\/div>\n\t\t\t\t\t<\/div>\n\t\t<\/div>\n\t\t\t\t<div class=\"elementor-column elementor-col-50 elementor-top-column elementor-element elementor-element-4a9c3c9\" data-id=\"4a9c3c9\" data-element_type=\"column\">\n\t\t\t<div class=\"elementor-widget-wrap elementor-element-populated\">\n\t\t\t\t\t\t\t\t<div class=\"elementor-element elementor-element-1a24240 elementor-widget elementor-widget-heading\" data-id=\"1a24240\" data-element_type=\"widget\" data-widget_type=\"heading.default\">\n\t\t\t\t<div class=\"elementor-widget-container\">\n\t\t\t<h2 class=\"elementor-heading-title elementor-size-default\">SERVIS KMETIJSKE MEHANIZACIJE<\/h2>\t\t<\/div>\n\t\t\t\t<\/div>\n\t\t\t\t<div class=\"elementor-element elementor-element-35bd8ac elementor-widget elementor-widget-text-editor\" data-id=\"35bd8ac\" data-element_type=\"widget\" data-widget_type=\"text-editor.default\">\n\t\t\t\t<div class=\"elementor-widget-container\">\n\t\t\t\t\t\t\t<p>Ne glede na znamko va\u0161e kmetijske mehanizacije smo tu za vas, da vam pomagamo pri manj\u0161ih ali ve\u010djih okvarah.<\/p>\t\t\t\t\t\t<\/div>\n\t\t\t\t<\/div>\n\t\t\t\t\t<\/div>\n\t\t<\/div>\n\t\t\t\t\t\t\t<\/div>\n\t\t<\/section>\n\t\t\t\t<section class=\"elementor-section elementor-top-section elementor-element elementor-element-a766171 elementor-section-full_width elementor-section-height-default elementor-section-height-default\" data-id=\"a766171\" data-element_type=\"section\">\n\t\t\t\t\t\t<div class=\"elementor-container elementor-column-gap-default\">\n\t\t\t\t\t<div class=\"elementor-column elementor-col-50 elementor-top-column elementor-element elementor-element-19b5454\" data-id=\"19b5454\" data-element_type=\"column\">\n\t\t\t<div class=\"elementor-widget-wrap elementor-element-populated\">\n\t\t\t\t\t\t\t\t<div class=\"elementor-element elementor-element-ea592ea elementor-widget elementor-widget-image\" data-id=\"ea592ea\" data-element_type=\"widget\" data-widget_type=\"image.default\">\n\t\t\t\t<div class=\"elementor-widget-container\">\n\t\t\t\t\t\t\t\t\t\t\t\t\t\t\t<img width=\"800\" height=\"533\" src=\"https:\/\/hartfix.si\/wp-content\/uploads\/2022\/08\/servis-vilicarjev.jpg\" class=\"attachment-large size-large\" alt=\"\" loading=\"lazy\" srcset=\"https:\/\/hartfix.si\/wp-content\/uploads\/2022\/08\/servis-vilicarjev.jpg 800w, https:\/\/hartfix.si\/wp-content\/uploads\/2022\/08\/servis-vilicarjev-300x200.jpg 300w, https:\/\/hartfix.si\/wp-content\/uploads\/2022\/08\/servis-vilicarjev-768x512.jpg 768w, https:\/\/hartfix.si\/wp-content\/uploads\/2022\/08\/servis-vilicarjev-600x400.jpg 600w\" sizes=\"(max-width: 800px) 100vw, 800px\" \/>\t\t\t\t\t\t\t\t\t\t\t\t\t\t\t<\/div>\n\t\t\t\t<\/div>\n\t\t\t\t\t<\/div>\n\t\t<\/div>\n\t\t\t\t<div class=\"elementor-column elementor-col-50 elementor-top-column elementor-element elementor-element-1153d1c\" data-id=\"1153d1c\" data-element_type=\"column\">\n\t\t\t<div class=\"elementor-widget-wrap elementor-element-populated\">\n\t\t\t\t\t\t\t\t<div class=\"elementor-element elementor-element-01cea3f elementor-widget elementor-widget-heading\" data-id=\"01cea3f\" data-element_type=\"widget\" data-widget_type=\"heading.default\">\n\t\t\t\t<div class=\"elementor-widget-container\">\n\t\t\t<h2 class=\"elementor-heading-title elementor-size-default\">SERVIS VILI\u010cARJEV<\/h2>\t\t<\/div>\n\t\t\t\t<\/div>\n\t\t\t\t<div class=\"elementor-element elementor-element-ab1bd37 elementor-widget elementor-widget-text-editor\" data-id=\"ab1bd37\" data-element_type=\"widget\" data-widget_type=\"text-editor.default\">\n\t\t\t\t<div class=\"elementor-widget-container\">\n\t\t\t\t\t\t\t<p>Le dobro vzdr\u017eevani delovni stroji vam lahko zagotavljajo visok nivo varnosti in nemoteno delo. Tu smo, da vam pri tem pomagamo.<\/p>\t\t\t\t\t\t<\/div>\n\t\t\t\t<\/div>\n\t\t\t\t\t<\/div>\n\t\t<\/div>\n\t\t\t\t\t\t\t<\/div>\n\t\t<\/section>\n\t\t\t\t<section class=\"elementor-section elementor-top-section elementor-element elementor-element-bb367e7 elementor-section-full_width elementor-section-height-default elementor-section-height-default\" data-id=\"bb367e7\" data-element_type=\"section\">\n\t\t\t\t\t\t<div class=\"elementor-container elementor-column-gap-default\">\n\t\t\t\t\t<div class=\"elementor-column elementor-col-50 elementor-top-column elementor-element elementor-element-7fba27d\" data-id=\"7fba27d\" data-element_type=\"column\">\n\t\t\t<div class=\"elementor-widget-wrap elementor-element-populated\">\n\t\t\t\t\t\t\t\t<div class=\"elementor-element elementor-element-1f5d3fb elementor-widget elementor-widget-image\" data-id=\"1f5d3fb\" data-element_type=\"widget\" data-widget_type=\"image.default\">\n\t\t\t\t<div class=\"elementor-widget-container\">\n\t\t\t\t\t\t\t\t\t\t\t\t\t\t\t<img width=\"800\" height=\"532\" src=\"https:\/\/hartfix.si\/wp-content\/uploads\/2022\/08\/obnova-mehanizacije.jpg\" class=\"attachment-large size-large\" alt=\"\" loading=\"lazy\" srcset=\"https:\/\/hartfix.si\/wp-content\/uploads\/2022\/08\/obnova-mehanizacije.jpg 800w, https:\/\/hartfix.si\/wp-content\/uploads\/2022\/08\/obnova-mehanizacije-300x200.jpg 300w, https:\/\/hartfix.si\/wp-content\/uploads\/2022\/08\/obnova-mehanizacije-768x511.jpg 768w, https:\/\/hartfix.si\/wp-content\/uploads\/2022\/08\/obnova-mehanizacije-600x399.jpg 600w\" sizes=\"(max-width: 800px) 100vw, 800px\" \/>\t\t\t\t\t\t\t\t\t\t\t\t\t\t\t<\/div>\n\t\t\t\t<\/div>\n\t\t\t\t\t<\/div>\n\t\t<\/div>\n\t\t\t\t<div class=\"elementor-column elementor-col-50 elementor-top-column elementor-element elementor-element-66daba0\" data-id=\"66daba0\" data-element_type=\"column\">\n\t\t\t<div class=\"elementor-widget-wrap elementor-element-populated\">\n\t\t\t\t\t\t\t\t<div class=\"elementor-element elementor-element-713b601 elementor-widget elementor-widget-heading\" data-id=\"713b601\" data-element_type=\"widget\" data-widget_type=\"heading.default\">\n\t\t\t\t<div class=\"elementor-widget-container\">\n\t\t\t<h2 class=\"elementor-heading-title elementor-size-default\">OBNOVA VSEH VRST MEHANIZACIJE IN VILI\u010cARJEV<\/h2>\t\t<\/div>\n\t\t\t\t<\/div>\n\t\t\t\t<div class=\"elementor-element elementor-element-6f9a4af elementor-widget elementor-widget-text-editor\" data-id=\"6f9a4af\" data-element_type=\"widget\" data-widget_type=\"text-editor.default\">\n\t\t\t\t<div class=\"elementor-widget-container\">\n\t\t\t\t\t\t\t<p>Poskrbimo za popolno obnovo va\u0161ega vili\u010darja, od odprave zra\u010dnosti krmilnega sistema, zamenjavo obrabljenih delov do odprave vseh morebitnih pomanjkljivosti.<\/p>\t\t\t\t\t\t<\/div>\n\t\t\t\t<\/div>\n\t\t\t\t\t<\/div>\n\t\t<\/div>\n\t\t\t\t\t\t\t<\/div>\n\t\t<\/section>\n\t\t\t\t<section class=\"elementor-section elementor-top-section elementor-element elementor-element-932253f elementor-section-full_width elementor-section-height-default elementor-section-height-default\" data-id=\"932253f\" data-element_type=\"section\">\n\t\t\t\t\t\t<div class=\"elementor-container elementor-column-gap-default\">\n\t\t\t\t\t<div class=\"elementor-column elementor-col-50 elementor-top-column elementor-element elementor-element-61c26be\" data-id=\"61c26be\" data-element_type=\"column\">\n\t\t\t<div class=\"elementor-widget-wrap elementor-element-populated\">\n\t\t\t\t\t\t\t\t<div class=\"elementor-element elementor-element-df7e4e5 elementor-widget elementor-widget-image\" data-id=\"df7e4e5\" data-element_type=\"widget\" data-widget_type=\"image.default\">\n\t\t\t\t<div class=\"elementor-widget-container\">\n\t\t\t\t\t\t\t\t\t\t\t\t\t\t\t<img width=\"800\" height=\"533\" src=\"https:\/\/hartfix.si\/wp-content\/uploads\/2022\/08\/obnova-prikljuckov.jpg\" class=\"attachment-large size-large\" alt=\"\" loading=\"lazy\" srcset=\"https:\/\/hartfix.si\/wp-content\/uploads\/2022\/08\/obnova-prikljuckov.jpg 800w, https:\/\/hartfix.si\/wp-content\/uploads\/2022\/08\/obnova-prikljuckov-300x200.jpg 300w, https:\/\/hartfix.si\/wp-content\/uploads\/2022\/08\/obnova-prikljuckov-768x512.jpg 768w, https:\/\/hartfix.si\/wp-content\/uploads\/2022\/08\/obnova-prikljuckov-600x400.jpg 600w\" sizes=\"(max-width: 800px) 100vw, 800px\" \/>\t\t\t\t\t\t\t\t\t\t\t\t\t\t\t<\/div>\n\t\t\t\t<\/div>\n\t\t\t\t\t<\/div>\n\t\t<\/div>\n\t\t\t\t<div class=\"elementor-column elementor-col-50 elementor-top-column elementor-element elementor-element-8eb5bc6\" data-id=\"8eb5bc6\" data-element_type=\"column\">\n\t\t\t<div class=\"elementor-widget-wrap elementor-element-populated\">\n\t\t\t\t\t\t\t\t<div class=\"elementor-element elementor-element-8ba21bb elementor-widget elementor-widget-heading\" data-id=\"8ba21bb\" data-element_type=\"widget\" data-widget_type=\"heading.default\">\n\t\t\t\t<div class=\"elementor-widget-container\">\n\t\t\t<h2 class=\"elementor-heading-title elementor-size-default\">OBNOVA PRIKLJU\u010cKOV<\/h2>\t\t<\/div>\n\t\t\t\t<\/div>\n\t\t\t\t<div class=\"elementor-element elementor-element-43fe7e8 elementor-widget elementor-widget-text-editor\" data-id=\"43fe7e8\" data-element_type=\"widget\" data-widget_type=\"text-editor.default\">\n\t\t\t\t<div class=\"elementor-widget-container\">\n\t\t\t\t\t\t\t<p>Poskrbimo za popolno delovanje priklju\u010dkov, kot so sne\u017eni plugi, paletne vilice, posipalci, cepilci. Va\u0161 obstoje\u010d priklju\u010dek bo kot nov.<\/p>\t\t\t\t\t\t<\/div>\n\t\t\t\t<\/div>\n\t\t\t\t\t<\/div>\n\t\t<\/div>\n\t\t\t\t\t\t\t<\/div>\n\t\t<\/section>\n\t\t\t\t<section class=\"elementor-section elementor-top-section elementor-element elementor-element-87615d8 elementor-section-full_width elementor-section-height-default elementor-section-height-default\" data-id=\"87615d8\" data-element_type=\"section\">\n\t\t\t\t\t\t<div class=\"elementor-container elementor-column-gap-default\">\n\t\t\t\t\t<div class=\"elementor-column elementor-col-50 elementor-top-column elementor-element elementor-element-6af4cbd\" data-id=\"6af4cbd\" data-element_type=\"column\">\n\t\t\t<div class=\"elementor-widget-wrap elementor-element-populated\">\n\t\t\t\t\t\t\t\t<div class=\"elementor-element elementor-element-c6018e5 elementor-widget elementor-widget-image\" data-id=\"c6018e5\" data-element_type=\"widget\" data-widget_type=\"image.default\">\n\t\t\t\t<div class=\"elementor-widget-container\">\n\t\t\t\t\t\t\t\t\t\t\t\t\t\t\t<img width=\"800\" height=\"533\" src=\"https:\/\/hartfix.si\/wp-content\/uploads\/2022\/08\/licarske-storitve.jpg\" class=\"attachment-large size-large\" alt=\"\" loading=\"lazy\" srcset=\"https:\/\/hartfix.si\/wp-content\/uploads\/2022\/08\/licarske-storitve.jpg 800w, https:\/\/hartfix.si\/wp-content\/uploads\/2022\/08\/licarske-storitve-300x200.jpg 300w, https:\/\/hartfix.si\/wp-content\/uploads\/2022\/08\/licarske-storitve-768x512.jpg 768w, https:\/\/hartfix.si\/wp-content\/uploads\/2022\/08\/licarske-storitve-600x400.jpg 600w\" sizes=\"(max-width: 800px) 100vw, 800px\" \/>\t\t\t\t\t\t\t\t\t\t\t\t\t\t\t<\/div>\n\t\t\t\t<\/div>\n\t\t\t\t\t<\/div>\n\t\t<\/div>\n\t\t\t\t<div class=\"elementor-column elementor-col-50 elementor-top-column elementor-element elementor-element-08197d4\" data-id=\"08197d4\" data-element_type=\"column\">\n\t\t\t<div class=\"elementor-widget-wrap elementor-element-populated\">\n\t\t\t\t\t\t\t\t<div class=\"elementor-element elementor-element-28d1bfc elementor-widget elementor-widget-heading\" data-id=\"28d1bfc\" data-element_type=\"widget\" data-widget_type=\"heading.default\">\n\t\t\t\t<div class=\"elementor-widget-container\">\n\t\t\t<h2 class=\"elementor-heading-title elementor-size-default\">LI\u010cARSKE STORITVE<\/h2>\t\t<\/div>\n\t\t\t\t<\/div>\n\t\t\t\t<div class=\"elementor-element elementor-element-42475ac elementor-widget elementor-widget-text-editor\" data-id=\"42475ac\" data-element_type=\"widget\" data-widget_type=\"text-editor.default\">\n\t\t\t\t<div class=\"elementor-widget-container\">\n\t\t\t\t\t\t\t<p>Smo va\u0161 partner pri popravilu va\u0161ega vozilo zaradi to\u010de ali drugih udrtin. Nudimo popravila po najnovej\u0161ih smernicah proizvajalcev.<\/p>\t\t\t\t\t\t<\/div>\n\t\t\t\t<\/div>\n\t\t\t\t\t<\/div>\n\t\t<\/div>\n\t\t\t\t\t\t\t<\/div>\n\t\t<\/section>\n\t\t\t\t<section class=\"elementor-section elementor-top-section elementor-element elementor-element-aea3eef elementor-section-stretched elementor-section-full_width elementor-section-height-default elementor-section-height-default\" data-id=\"aea3eef\" data-element_type=\"section\" data-settings=\"{&quot;stretch_section&quot;:&quot;section-stretched&quot;}\">\n\t\t\t\t\t\t<div class=\"elementor-container elementor-column-gap-default\">\n\t\t\t\t\t<div class=\"elementor-column elementor-col-100 elementor-top-column elementor-element elementor-element-ea8cf11\" data-id=\"ea8cf11\" data-element_type=\"column\">\n\t\t\t<div class=\"elementor-widget-wrap elementor-element-populated\">\n\t\t\t\t\t\t\t\t<div class=\"elementor-element elementor-element-c1b18d0 elementor-widget elementor-widget-vt-windfall_parallax_content\" data-id=\"c1b18d0\" data-element_type=\"widget\" data-widget_type=\"vt-windfall_parallax_content.default\">\n\t\t\t\t<div class=\"elementor-widget-container\">\n\t\t\t<div class=\"wndfal-reliable wndfal-parallax wndfal-overlay \">\r\n\t\t\t\t\t\t\t\t  <div class=\"container\">\r\n\t\t\t\t\t\t\t\t    <p>\u017delite ve\u010d informacij?<\/p>\r\n\t\t\t\t\t\t\t\t    <div class=\"wndfal-btns-group\"><a href=\"https:\/\/hartfix.si\/index.php\/kontakt\/\" target=\"_blank\" rel=\"nofollow\" class=\"wndfal-btn btn-one\"><span class=\"btn-text-wrap\"><span class=\"btn-text\">Kontaktirajte nas<\/span><\/span><\/a><\/div>\r\n\t\t\t\t\t\t\t\t  <\/div>\r\n\t\t\t\t\t\t\t\t<\/div>\t\t<\/div>\n\t\t\t\t<\/div>\n\t\t\t\t\t<\/div>\n\t\t<\/div>\n\t\t\t\t\t\t\t<\/div>\n\t\t<\/section>\n\t\t\t\t\t\t\t<\/div>\n\t\t","protected":false},"excerpt":{"rendered":"SERVIS MOTORNIH VOZIL Nudimo hiter in ugoden servis vseh vrst motornih vozil. Poleg dolgoletnih izku\u0161enj so na\u0161e storitve podprte z vrhunsko tehnologijo. SERVIS GRADBENE MEHANIZACIJE Poleg rednih vzdr\u017eevalnih servisov gradbene mehanizacije nudimo tudi diagnostiko in odpravljanje napak in mehanskih po\u0161kodb. SERVIS KMETIJSKE MEHANIZACIJE Ne glede na znamko va\u0161e kmetijske mehanizacije smo tu za vas, da&#8230;","protected":false},"author":1,"featured_media":0,"parent":0,"menu_order":0,"comment_status":"closed","ping_status":"closed","template":"","meta":[],"_links":{"self":[{"href":"https:\/\/hartfix.si\/index.php\/wp-json\/wp\/v2\/pages\/1347"}],"collection":[{"href":"https:\/\/hartfix.si\/index.php\/wp-json\/wp\/v2\/pages"}],"about":[{"href":"https:\/\/hartfix.si\/index.php\/wp-json\/wp\/v2\/types\/page"}],"author":[{"embeddable":true,"href":"https:\/\/hartfix.si\/index.php\/wp-json\/wp\/v2\/users\/1"}],"replies":[{"embeddable":true,"href":"https:\/\/hartfix.si\/index.php\/wp-json\/wp\/v2\/comments?post=1347"}],"version-history":[{"count":8,"href":"https:\/\/hartfix.si\/index.php\/wp-json\/wp\/v2\/pages\/1347\/revisions"}],"predecessor-version":[{"id":1449,"href":"https:\/\/hartfix.si\/index.php\/wp-json\/wp\/v2\/pages\/1347\/revisions\/1449"}],"wp:attachment":[{"href":"https:\/\/hartfix.si\/index.php\/wp-json\/wp\/v2\/media?parent=1347"}],"curies":[{"name":"wp","href":"https:\/\/api.w.org\/{rel}","templated":true}]}}